{"id":180,"date":"2015-06-23T09:45:34","date_gmt":"2015-06-23T07:45:34","guid":{"rendered":"http:\/\/autoecolefred.fr\/?page_id=180"},"modified":"2024-09-24T15:17:14","modified_gmt":"2024-09-24T13:17:14","slug":"lapprentissage-anticipee-de-la-conduite-a-a-c","status":"publish","type":"page","link":"http:\/\/autoecolefred.fr\/?page_id=180","title":{"rendered":"L&rsquo;Apprentissage Anticip\u00e9e de la Conduite &#8211; A.A.C"},"content":{"rendered":"<p style=\"text-align: justify;\">Pour s&rsquo;inscrire \u00e0 l&rsquo;Apprentissage Anticip\u00e9e de la Conduite, il faut:<br \/>\n&#8211; avoir au moins 15 ans,<br \/>\n&#8211; avoir l&rsquo;accord de ses parents et de l&rsquo;assureur du v\u00e9hicule<br \/>\n&#8211; \u00eatre titulaire de l&rsquo;Attestation Scolaire de S\u00e9curit\u00e9 Routi\u00e8re (A.S.S.R) niveau 2, pass\u00e9e en 3\u00e8me ou de l&rsquo;Attestation de S\u00e9curit\u00e9 Routi\u00e8re (A.S.R).<\/p>\n<p style=\"text-align: justify;\">L&rsquo;A.A.C a de nombreux avantages:<br \/>\n&#8211; pour le jeune conducteur qui gagne en confiance de ce fait lorsqu&rsquo;il passe l&rsquo;examen pratique, il a d\u00e9j\u00e0 une exp\u00e9rience de la conduite (minimum 3 000 kilom\u00e8tres effectu\u00e9s avec ses accompagnateurs).<br \/>\n&#8211; pour les parents qui sont rassur\u00e9s par l&rsquo;exp\u00e9rience acquise par leurs enfants.<br \/>\n&#8211; un taux de r\u00e9ussite plus important \u00e0 l&rsquo;examen pratique que celui de la fili\u00e8re B classique ainsi qu&rsquo;une p\u00e9riode probatoire de 2 ans contre 3 ans pour la fili\u00e8re B.<\/p>\n<p style=\"text-align: justify;\">La formation se d\u00e9roule en 3 \u00e9tapes:<\/p>\n<p style=\"text-align: justify;\">\u2022 la formation initiale qui comprend: la pr\u00e9paration au code et 20h minimum de conduite (selon le niveau). Apr\u00e8s la r\u00e9ussite au code et lorsque les 20h minimum de conduite ont \u00e9t\u00e9 effectu\u00e9es, le moniteur fixe un rendez-vous avec l&rsquo;accompagnateur et d\u00e9livre une attestation de fin de formation initiale.<br \/>\n\u2022 la p\u00e9riode de conduite accompagn\u00e9e qui peut durer entre un et trois ans. Pendant cette p\u00e9riode l&rsquo;AUTO ECOLE fixera deux rendez-vous p\u00e9dagogiques obligatoires.<br \/>\n\u2022 la pr\u00e9sentation \u00e0 l&rsquo;\u00e9preuve pratique d\u00e8s l&rsquo;\u00e2ge de 17 ans \u00e0 condition d&rsquo;avoir minimum 1 an de conduite accompagn\u00e9e.<\/p>\n<p><strong><em>Pour plus de renseignements, n&rsquo;h\u00e9sitez pas \u00e0 nous contacter au 06.21.13.38.00 ou 09.51.19.17.48<\/em><\/strong><\/p>\n<hr \/>\n<p><strong>Documents \u00e0 fournir \u00e0 l&rsquo;inscription:<\/strong><\/p>\n<p><em>Suite \u00e0 la r\u00e9forme du permis, nous devons transmettre vos documents par le biais du site Internet \u00ab\u00a0ANTS\u00a0\u00bb vous pouvez donc nous fournir tous les documents par mail \u00e0 =&gt; autoecolefred34@gmail.com<\/em><\/p>\n<ul>\n<li>1 E-photo d&rsquo;identit\u00e9 en cours de validit\u00e9 <a href=\"https:\/\/permisdeconduire.ants.gouv.fr\/services\/geolocaliser-les-photographes-habilites\"><em>https:\/\/permisdeconduire.ants.gouv.fr\/services\/geolocaliser-les-photographes-habilites<\/em><\/a><\/li>\n<li>Photocopie recto-verso de la carte d&rsquo;identit\u00e9 en cours de validit\u00e9 du candidat<\/li>\n<li>Photocopie du livret de famille<\/li>\n<li>ASSR2 ou ASR (candidat de moins de 21 ans)<\/li>\n<li>Entre 16 et 17 ans non r\u00e9volus: attestation de recensement<\/li>\n<li>Photocopie d&rsquo;un justificatif de domicile de moins de 6 mois (facture eau, \u00e9lectricit\u00e9, t\u00e9l\u00e9phone)<\/li>\n<li>Attestation d&rsquo;h\u00e9bergement + photocopie recto-verso de la carte d&rsquo;identit\u00e9 en cours de validit\u00e9 de l&rsquo;h\u00e9bergeur (au m\u00eame nom que le justificatif de domicile)<\/li>\n<li>Photocopie du permis AM (ancien BSR)<\/li>\n<\/ul>\n","protected":false},"excerpt":{"rendered":"<p>Pour s&rsquo;inscrire \u00e0 l&rsquo;Apprentissage Anticip\u00e9e de la Conduite, il faut: &#8211; avoir au moins 15 ans, &#8211; avoir l&rsquo;accord de ses parents et de l&rsquo;assureur du v\u00e9hicule &#8211; \u00eatre titulaire de l&rsquo;Attestation Scolaire de S\u00e9curit\u00e9 Routi\u00e8re (A.S.S.R) niveau 2, pass\u00e9e en 3\u00e8me ou de l&rsquo;Attestation de S\u00e9curit\u00e9 Routi\u00e8re (A.S.R). L&rsquo;A.A.C&#46;&#46;&#46;<\/p>\n","protected":false},"author":1,"featured_media":0,"parent":177,"menu_order":0,"comment_status":"open","ping_status":"open","template":"","meta":[],"_links":{"self":[{"href":"http:\/\/autoecolefred.fr\/index.php?rest_route=\/wp\/v2\/pages\/180"}],"collection":[{"href":"http:\/\/autoecolefred.fr\/index.php?rest_route=\/wp\/v2\/pages"}],"about":[{"href":"http:\/\/autoecolefred.fr\/index.php?rest_route=\/wp\/v2\/types\/page"}],"author":[{"embeddable":true,"href":"http:\/\/autoecolefred.fr\/index.php?rest_route=\/wp\/v2\/users\/1"}],"replies":[{"embeddable":true,"href":"http:\/\/autoecolefred.fr\/index.php?rest_route=%2Fwp%2Fv2%2Fcomments&post=180"}],"version-history":[{"count":19,"href":"http:\/\/autoecolefred.fr\/index.php?rest_route=\/wp\/v2\/pages\/180\/revisions"}],"predecessor-version":[{"id":1597,"href":"http:\/\/autoecolefred.fr\/index.php?rest_route=\/wp\/v2\/pages\/180\/revisions\/1597"}],"up":[{"embeddable":true,"href":"http:\/\/autoecolefred.fr\/index.php?rest_route=\/wp\/v2\/pages\/177"}],"wp:attachment":[{"href":"http:\/\/autoecolefred.fr\/index.php?rest_route=%2Fwp%2Fv2%2Fmedia&parent=180"}],"curies":[{"name":"wp","href":"https:\/\/api.w.org\/{rel}","templated":true}]}}