{"id":185,"date":"2015-06-23T10:11:14","date_gmt":"2015-06-23T08:11:14","guid":{"rendered":"http:\/\/autoecolefred.fr\/?page_id=185"},"modified":"2024-09-24T15:17:50","modified_gmt":"2024-09-24T13:17:50","slug":"la-conduite-supervisee-c-s","status":"publish","type":"page","link":"http:\/\/autoecolefred.fr\/?page_id=185","title":{"rendered":"La Conduite Supervis\u00e9e (C.S.)"},"content":{"rendered":"<p style=\"text-align: justify;\">Cette formation s&rsquo;adresse aux candidats de 18 ans et plus. Apr\u00e8s avoir pass\u00e9 le code et au minimun 20h de conduite avec le moniteur, vous pouvez passer une phase de conduite accompagn\u00e9e et ainsi acqu\u00e9rir plus d&rsquo;exp\u00e9rience et de confiance au volant. La conduite supervis\u00e9e s&rsquo;adresse soit aux candidats qui n&rsquo;ont pas encore pass\u00e9 l&rsquo;examen pratique, soit aux candidats qui ont d\u00e9j\u00e0 \u00e9chou\u00e9 \u00e0 l&rsquo;examen du permis B. L&rsquo;accompagnateur doit \u00eatre titulaire du permis B depuis au moins 5 ans. La conduite supervis\u00e9e d\u00e9marrera apr\u00e8s un rendez-vous avec l&rsquo;accompagnateur et une attestation de fin de formation (FFI) vous sera d\u00e9livr\u00e9e.<\/p>\n<p style=\"text-align: justify;\">La conduite supervis\u00e9e vous permettra d&rsquo;acqu\u00e9rir la confiance et l&rsquo;exp\u00e9rience de conduite n\u00e9cessaires pour \u00eatre pr\u00e8s \u00e0 l&rsquo;examen du permis B et \u00e9galement\u00a0 d&rsquo;abaisser le co\u00fbt du permis.<\/p>\n<p><strong><em>Pour plus de renseignements, n&rsquo;h\u00e9sitez pas \u00e0 nous contacter au 06.21.13.38.00 ou 09.51.19.17.48<\/em><\/strong><\/p>\n<hr \/>\n<p><em>Suite \u00e0 la r\u00e9forme du permis, nous devons transmettre vos documents par le biais du site Internet \u00ab\u00a0ANTS\u00a0\u00bb vous pouvez donc nous fournir tous les documents par mail \u00e0 =&gt; autoecolefred34@gmail.com<\/em><\/p>\n<p><strong>Documents \u00e0 fournir lors de l&rsquo;inscription:<\/strong><\/p>\n<ul>\n<li>1 E-photo d&rsquo;identit\u00e9 en cours de validit\u00e9 <a href=\"https:\/\/permisdeconduire.ants.gouv.fr\/services\/geolocaliser-les-photographes-habilites\"><em>https:\/\/permisdeconduire.ants.gouv.fr\/services\/geolocaliser-les-photographes-habilites<\/em><\/a><\/li>\n<li>Photocopie recto-verso de la carte d&rsquo;identit\u00e9 en cours de validit\u00e9 du candidat<\/li>\n<li>Photocopie du livret de famille (candidat mineur)<\/li>\n<li>ASSR2 ou ASR (candidat de moins de 21 ans)<\/li>\n<li>Entre 16 et 17 ans (non r\u00e9volus): attestation de recensement<\/li>\n<li>Entre 17 et 25 ans: certificat de la participation \u00e0 la Journ\u00e9e D\u00e9fense Citoyennet\u00e9 (J.D.C.)<\/li>\n<li>Photocopie d&rsquo;un justificatif de domicile de moins de 6 mois (facture eau, \u00e9lectricit\u00e9 ou t\u00e9l\u00e9phone)<\/li>\n<li><span style=\"background-color: #ccffcc;\"><strong><em>Si le justificatif de domicile n&rsquo;est pas \u00e0 votre nom<\/em><\/strong><\/span>: attestation d&rsquo;h\u00e9bergement + photocopie recto-verso de la carte d&rsquo;identit\u00e9 en cours de validit\u00e9 de l&rsquo;h\u00e9bergeur (au m\u00eame nom que le justificatif de domicile)<\/li>\n<li>Photocopie du permis AM (ancien BSR)<\/li>\n<\/ul>\n","protected":false},"excerpt":{"rendered":"<p>Cette formation s&rsquo;adresse aux candidats de 18 ans et plus. Apr\u00e8s avoir pass\u00e9 le code et au minimun 20h de conduite avec le moniteur, vous pouvez passer une phase de conduite accompagn\u00e9e et ainsi acqu\u00e9rir plus d&rsquo;exp\u00e9rience et de confiance au volant. La conduite supervis\u00e9e s&rsquo;adresse soit aux candidats qui&#46;&#46;&#46;<\/p>\n","protected":false},"author":1,"featured_media":0,"parent":177,"menu_order":0,"comment_status":"open","ping_status":"closed","template":"","meta":[],"_links":{"self":[{"href":"http:\/\/autoecolefred.fr\/index.php?rest_route=\/wp\/v2\/pages\/185"}],"collection":[{"href":"http:\/\/autoecolefred.fr\/index.php?rest_route=\/wp\/v2\/pages"}],"about":[{"href":"http:\/\/autoecolefred.fr\/index.php?rest_route=\/wp\/v2\/types\/page"}],"author":[{"embeddable":true,"href":"http:\/\/autoecolefred.fr\/index.php?rest_route=\/wp\/v2\/users\/1"}],"replies":[{"embeddable":true,"href":"http:\/\/autoecolefred.fr\/index.php?rest_route=%2Fwp%2Fv2%2Fcomments&post=185"}],"version-history":[{"count":16,"href":"http:\/\/autoecolefred.fr\/index.php?rest_route=\/wp\/v2\/pages\/185\/revisions"}],"predecessor-version":[{"id":1598,"href":"http:\/\/autoecolefred.fr\/index.php?rest_route=\/wp\/v2\/pages\/185\/revisions\/1598"}],"up":[{"embeddable":true,"href":"http:\/\/autoecolefred.fr\/index.php?rest_route=\/wp\/v2\/pages\/177"}],"wp:attachment":[{"href":"http:\/\/autoecolefred.fr\/index.php?rest_route=%2Fwp%2Fv2%2Fmedia&parent=185"}],"curies":[{"name":"wp","href":"https:\/\/api.w.org\/{rel}","templated":true}]}}