{"id":31,"date":"2015-06-04T08:23:44","date_gmt":"2015-06-04T06:23:44","guid":{"rendered":"http:\/\/autoecolefred.fr\/?page_id=31"},"modified":"2025-06-23T14:35:38","modified_gmt":"2025-06-23T12:35:38","slug":"acces","status":"publish","type":"page","link":"http:\/\/autoecolefred.fr\/?page_id=31","title":{"rendered":"acc\u00e8s"},"content":{"rendered":"<div>\n<div style=\"text-align: center;\">Auto Ecole Fred<\/div>\n<div style=\"text-align: center;\">27 Cours Gr\u00e9goire, 34725<br \/>\nSaint-Andr\u00e9-de-Sangonis, France<\/div>\n<div style=\"text-align: center;\">06.21.13.38.00<\/div>\n<\/div>\n<div style=\"text-align: center;\"><\/div>\n<div style=\"text-align: center;\"><iframe loading=\"lazy\" style=\"border: 0;\" src=\"https:\/\/www.google.com\/maps\/embed?pb=!1m14!1m8!1m3!1d92385.38229214207!2d3.519548822065868!3d43.64726960959883!3m2!1i1024!2i768!4f13.1!3m3!1m2!1s0x0%3A0x4044991e0009563b!2sAuto+Ecole+Fred!5e0!3m2!1sfr!2sus!4v1433406370763\" width=\"600\" height=\"450\" frameborder=\"0\"><\/iframe><\/div>\n<div>\n<div style=\"text-align: center;\"><\/div>\n<div style=\"text-align: center;\">\n<hr \/>\n<\/div>\n<div style=\"text-align: center;\"><\/div>\n<div style=\"text-align: center;\">Auto Ecole Fred<\/div>\n<div style=\"text-align: center;\">20 rue coutellerie<\/div>\n<div style=\"text-align: center;\">34800 Clermont l&rsquo;H\u00e9rault<\/div>\n<div style=\"text-align: center;\">09.51.19.17.48 \/ 06.21.13.38.00<\/div>\n<div style=\"text-align: center;\">\n<p><iframe loading=\"lazy\" style=\"border: 0;\" src=\"https:\/\/www.google.com\/maps\/embed?pb=!1m18!1m12!1m3!1d2888.04871542928!2d3.432476999999988!3d43.62634500000001!2m3!1f0!2f0!3f0!3m2!1i1024!2i768!4f13.1!3m3!1m2!1s0x12b15d9da42b0bab%3A0x7fd201e4ba7889e0!2sAUTO+ECOLE+FRED!5e0!3m2!1sfr!2sfr!4v1435044621052\" width=\"600\" height=\"450\" frameborder=\"0\" allowfullscreen=\"allowfullscreen\"><\/iframe><\/p>\n<hr \/>\n<div style=\"text-align: center;\">Auto Ecole Fred<\/div>\n<div style=\"text-align: center;\">86 grand-rue<\/div>\n<div style=\"text-align: center;\">34800 Canet<\/div>\n<div>06.21.13.38.00<\/div>\n<div>\n<p><iframe loading=\"lazy\" style=\"border: 0;\" src=\"https:\/\/www.google.com\/maps\/embed?pb=!1m18!1m12!1m3!1d2889.269087026106!2d3.4891278154960554!3d43.60093857912315!2m3!1f0!2f0!3f0!3m2!1i1024!2i768!4f13.1!3m3!1m2!1s0x12b15d14e232aa71%3A0xfc113feeb9b9564c!2sAuto-Ecole+Fred!5e0!3m2!1sfr!2sfr!4v1528703428217\" width=\"800\" height=\"600\" frameborder=\"0\" allowfullscreen=\"allowfullscreen\"><\/p>\n<div style=\"text-align: center;\"><\/div>\n<p><\/iframe><\/p>\n<\/div>\n<\/div>\n<\/div>\n","protected":false},"excerpt":{"rendered":"<p>Auto Ecole Fred 27 Cours Gr\u00e9goire, 34725 Saint-Andr\u00e9-de-Sangonis, France 06.21.13.38.00 Auto Ecole Fred 20 rue coutellerie 34800 Clermont l&rsquo;H\u00e9rault 09.51.19.17.48 \/ 06.21.13.38.00 Auto Ecole Fred 86 grand-rue 34800 Canet 06.21.13.38.00<\/p>\n","protected":false},"author":1,"featured_media":0,"parent":0,"menu_order":0,"comment_status":"open","ping_status":"closed","template":"","meta":[],"_links":{"self":[{"href":"http:\/\/autoecolefred.fr\/index.php?rest_route=\/wp\/v2\/pages\/31"}],"collection":[{"href":"http:\/\/autoecolefred.fr\/index.php?rest_route=\/wp\/v2\/pages"}],"about":[{"href":"http:\/\/autoecolefred.fr\/index.php?rest_route=\/wp\/v2\/types\/page"}],"author":[{"embeddable":true,"href":"http:\/\/autoecolefred.fr\/index.php?rest_route=\/wp\/v2\/users\/1"}],"replies":[{"embeddable":true,"href":"http:\/\/autoecolefred.fr\/index.php?rest_route=%2Fwp%2Fv2%2Fcomments&post=31"}],"version-history":[{"count":22,"href":"http:\/\/autoecolefred.fr\/index.php?rest_route=\/wp\/v2\/pages\/31\/revisions"}],"predecessor-version":[{"id":1721,"href":"http:\/\/autoecolefred.fr\/index.php?rest_route=\/wp\/v2\/pages\/31\/revisions\/1721"}],"wp:attachment":[{"href":"http:\/\/autoecolefred.fr\/index.php?rest_route=%2Fwp%2Fv2%2Fmedia&parent=31"}],"curies":[{"name":"wp","href":"https:\/\/api.w.org\/{rel}","templated":true}]}}