{"id":778,"date":"2018-12-19T11:17:59","date_gmt":"2018-12-19T10:17:59","guid":{"rendered":"http:\/\/autoecolefred.fr\/?page_id=778"},"modified":"2024-01-09T11:27:16","modified_gmt":"2024-01-09T10:27:16","slug":"le-permis-b-enjeux-et-deroulement-de-la-formation","status":"publish","type":"page","link":"http:\/\/autoecolefred.fr\/?page_id=778","title":{"rendered":"Enjeux et d\u00e9roulement de la formation"},"content":{"rendered":"<p style=\"text-align: justify;\">L\u2019automobile est devenue <strong>un outil social indispensable<\/strong> pour une tr\u00e8s grande partie des jeunes de notre soci\u00e9t\u00e9. Au-del\u00e0 du plaisir de conduire, l\u2019utilisation d\u2019une voiture est souvent <strong>indispensable pour les \u00e9tudes, le travail<\/strong> ou les loisirs. Rouler en s\u00e9curit\u00e9 est donc une n\u00e9cessit\u00e9 pour tous.<\/p>\n<p style=\"text-align: justify;\">Les conducteurs d\u00e9butants repr\u00e9sentent une part trop importante des tu\u00e9s et des bless\u00e9s sur la route. L\u2019effort engag\u00e9 doit \u00eatre poursuivi, notamment par <strong>le renforcement de l\u2019\u00e9ducation et de la formation<\/strong>.<\/p>\n<p style=\"text-align: justify;\">Les accidents de la route ne sont pas li\u00e9s \u00e0 la fatalit\u00e9 et le programme de formation au permis de conduire est mis en place pour aider les nouveaux conducteurs \u00e0 <strong>se d\u00e9placer avec un risque faible de perdre la vie ou de la d\u00e9grader<\/strong>.<\/p>\n<p style=\"text-align: justify;\">L\u2019objectif g\u00e9n\u00e9ral est d\u2019amener tout automobiliste d\u00e9butant \u00e0 <strong>la ma\u00eetrise de comp\u00e9tences en termes de savoir \u00eatre, savoirs, savoir-faire et savoir devenir<\/strong>. Apprendre \u00e0 conduire est une d\u00e9marche \u00e9ducative exigeante.<\/p>\n<p style=\"text-align: justify;\">Le programme de formation se veut une vue d\u2019ensemble des comp\u00e9tences qu\u2019un conducteur responsable doit acqu\u00e9rir pour ne pas mettre sa s\u00e9curit\u00e9 et celle des autres en danger.<\/p>\n<p style=\"text-align: justify;\">Il vous faudra prendre conscience que ce qui est appris en formation doit progresser et \u00e9voluer, apr\u00e8s l\u2019obtention du permis de conduire, en tenant compte des m\u00eames <strong>objectifs s\u00e9curitaires<\/strong> que lors de votre apprentissage.<\/p>\n<p style=\"text-align: justify;\">Vous allez apprendre \u00e0 manipuler une automobile et \u00e0 circuler dans diff\u00e9rentes configurations, \u00e0 en <strong>conna\u00eetre les risques et les limites<\/strong>. Vous allez, au travers de ce programme, comprendre les r\u00e8gles du code de la route ainsi que l\u2019influence des lois physiques, psychologiques et physiologiques. Vous devrez \u00e9galement vous situer personnellement en tant que citoyen dans vos choix de conduite.<\/p>\n<p style=\"text-align: justify;\">Des cours th\u00e9oriques et pratiques, collectifs ou individuels, vous aideront \u00e0 atteindre les objectifs d\u00e9finis et \u00e0 personnaliser votre progression. Votre formateur vous guidera et vous conseillera. Des tests de connaissances et de capacit\u00e9s pourront \u00eatre mis en place au fur et \u00e0 mesure<\/p>\n<ul>\n<li><strong><u>L\u2019\u00e9preuve th\u00e9orique g\u00e9n\u00e9rale<\/u><\/strong><\/li>\n<\/ul>\n<p style=\"text-align: justify;\"><em>Pour passer l\u2019\u00e9preuve du code, il faut avoir au moins 16 ans si vous suivez la formation traditionnelle, ou 15 ans si vous suivez l\u2019apprentissage anticip\u00e9e de la conduite (AAC<\/em><em>)<\/em><\/p>\n<p style=\"text-align: justify;\">Pour r\u00e9ussir cette \u00e9preuve, il faut obtenir au moins <strong>35 bonnes r\u00e9ponses sur 40 questions <\/strong>(5 erreurs maximum). Une r\u00e9ponse est consid\u00e9r\u00e9e comme juste si toutes les propositions exactes ont \u00e9t\u00e9 valid\u00e9es.<\/p>\n<p style=\"text-align: justify;\">Parmi les 40 questions auxquelles vous devrez r\u00e9pondre, <strong>certaines sont en vid\u00e9o<\/strong>. Pendant le d\u00e9roul\u00e9 de la vid\u00e9o, pensez \u00e0 \u00e9valuer l\u2019intervalle<\/p>\n<p style=\"text-align: justify;\">de s\u00e9curit\u00e9 et \u00e0 regarder tous les r\u00e9troviseurs.<\/p>\n<p style=\"text-align: justify;\">Le jour de l&rsquo;examen, pensez \u00e0 apporter votre pi\u00e8ce d&rsquo;identit\u00e9 et votre convocation.<\/p>\n<p style=\"text-align: justify;\">Votre code est <strong>valable pendant 5 ans<\/strong> et\/ou pour 5 pr\u00e9sentations \u00e0 l\u2019\u00e9preuve pratique.<\/p>\n<ul>\n<li><strong><u>L\u2019\u00e9preuve pratique\u00a0:<\/u><\/strong><\/li>\n<\/ul>\n<p style=\"text-align: justify;\"><em>Pour se pr\u00e9senter \u00e0 l\u2019\u00e9preuve pratique, il faut avoir au moins 17 ans quelque soit la formation choisie et avoir r\u00e9ussi l\u2019examen du code<\/em><\/p>\n<p style=\"text-align: justify;\">Cette \u00e9preuve dure environ 32 minutes. Elle a pour but de v\u00e9rifier si vous \u00eates capable de conduire seul sans mettre en danger votre s\u00e9curit\u00e9 et celle des autres. Elle est \u00e9valu\u00e9e par un expert, l\u2019inspecteur du permis de conduire et de la s\u00e9curit\u00e9 routi\u00e8re. Le jour de l\u2019examen, l\u2019\u00e9preuve vous est pr\u00e9sent\u00e9e individuellement par l\u2019expert, qui vous pr\u00e9cise ce que vous allez devoir faire : \u2022 r\u00e9aliser un parcours empruntant des voies \u00e0 caract\u00e8re urbain, routier et\/ou autoroutier ; \u2022 suivre un itin\u00e9raire en vous guidant de mani\u00e8re autonome, pendant environ cinq minutes ; \u2022 r\u00e9aliser deux man\u0153uvres diff\u00e9rentes, un freinage pour un arr\u00eat de pr\u00e9cision et une man\u0153uvre en marche arri\u00e8re ; \u2022 proc\u00e9der \u00e0 la v\u00e9rification d\u2019un \u00e9l\u00e9ment technique \u00e0 l\u2019int\u00e9rieur ou \u00e0 l\u2019ext\u00e9rieur du v\u00e9hicule, r\u00e9pondre \u00e0 une question en lien avec la s\u00e9curit\u00e9 routi\u00e8re, et r\u00e9pondre \u00e0 une question sur les premiers secours ; \u2022 appliquer les r\u00e8gles du code de la route, notamment les limitations de vitesse s\u2019appliquant aux \u00e9l\u00e8ves conducteurs ; \u2022 adapter votre conduite dans un souci d\u2019\u00e9conomie de carburant et de limitation de rejet de gaz \u00e0 effet de serre ; \u2022 faire preuve de courtoisie envers les autres usagers et notamment les plus vuln\u00e9rables.<\/p>\n<p style=\"text-align: justify;\">L\u2019\u00e9valuation r\u00e9alis\u00e9e par l\u2019expert est bas\u00e9e sur des textes r\u00e9glementaires et instructions pr\u00e9cises qui en fixent les modalit\u00e9s. Cette \u00e9valuation consiste en un bilan des comp\u00e9tences n\u00e9cessaires et fondamentales devant \u00eatre acquises pour une conduite en s\u00e9curit\u00e9, car la conduite est un acte difficile qui engage une responsabilit\u00e9 forte. \u00c0 l\u2019issue de l\u2019\u00e9preuve, l\u2019expert retranscrit de fa\u00e7on formelle le bilan de comp\u00e9tences dans une grille d\u2019\u00e9valuation. Le Certificat d\u2019Examen du Permis de Conduire, sur lequel est not\u00e9 le r\u00e9sultat, vous est envoy\u00e9 par courrier ou t\u00e9l\u00e9chargeable. En cas de r\u00e9ussite, le CEPC sera votre justificatif aupr\u00e8s des forces de l\u2019ordre en attendant votre permis de conduire. Ce document est valable 4 mois maximum. En cas de r\u00e9ussite, vous serez en p\u00e9riode probatoire avec 6 points sur votre permis de conduire.<\/p>\n<table width=\"709\">\n<tbody>\n<tr>\n<td colspan=\"2\" width=\"709\"><strong>Programme de formation pratique d\u00e9taill\u00e9<\/strong><\/td>\n<\/tr>\n<tr>\n<td width=\"123\">Comp\u00e9tences g\u00e9n\u00e9rales<\/td>\n<td width=\"586\"><strong>Comp\u00e9tences<\/strong><\/td>\n<\/tr>\n<tr>\n<td width=\"123\"><strong>1. Ma\u00eetriser le v\u00e9hicule dans un trafic faible ou nul<\/strong><\/td>\n<td width=\"586\">&#8211;\u00a0\u00a0\u00a0\u00a0\u00a0\u00a0 Connaitre les principaux organes et commandes du v\u00e9hicule, effectuer des v\u00e9rifications int\u00e9rieures et ext\u00e9rieures<\/p>\n<p>&#8211;\u00a0\u00a0\u00a0\u00a0\u00a0\u00a0 Entrer, s\u2019installer au poste de conduite et en sortir<\/p>\n<p>&#8211;\u00a0\u00a0\u00a0\u00a0\u00a0\u00a0 Tenir, tourner le volant et maintenir la trajectoire<\/p>\n<p>&#8211;\u00a0\u00a0\u00a0\u00a0\u00a0\u00a0 D\u00e9marrer et s\u2019arr\u00eater<\/p>\n<p>&#8211;\u00a0\u00a0\u00a0\u00a0\u00a0\u00a0 Doser les acc\u00e9l\u00e9rations et les freinages \u00e0 diverses allures<\/p>\n<p>&#8211;\u00a0\u00a0\u00a0\u00a0\u00a0\u00a0 Utiliser la boite de vitesses<\/p>\n<p>&#8211;\u00a0\u00a0\u00a0\u00a0\u00a0\u00a0 Diriger la voiture en avant en ligne droite, en courbe en adaptant allure et trajectoire<\/p>\n<p>&#8211;\u00a0\u00a0\u00a0\u00a0\u00a0\u00a0 Regarder autour de soi et avertir<\/p>\n<p>&#8211;\u00a0\u00a0\u00a0\u00a0\u00a0\u00a0 Effectuer une marche arri\u00e8re et un demi-tour en s\u00e9curit\u00e9<\/td>\n<\/tr>\n<tr>\n<td width=\"123\"><strong>2. Appr\u00e9hender la route et circuler dans les conditions normales.<\/strong><\/p>\n<p><em>.<\/em><\/td>\n<td width=\"586\">&#8211;\u00a0\u00a0\u00a0\u00a0\u00a0\u00a0 Rechercher la signalisation, les indices utiles et en tenir compte<\/p>\n<p>&#8211;\u00a0\u00a0\u00a0\u00a0\u00a0\u00a0 Positionner le v\u00e9hicule sur la chauss\u00e9e et choisir la voie de circulation<\/p>\n<p>&#8211;\u00a0\u00a0\u00a0\u00a0\u00a0\u00a0 Adapter l\u2019allure aux situations<\/p>\n<p>&#8211;\u00a0\u00a0\u00a0\u00a0\u00a0\u00a0 D\u00e9tecter, identifier et franchir les intersections suivant le r\u00e9gime de priorit\u00e9<\/p>\n<p>&#8211;\u00a0\u00a0\u00a0\u00a0\u00a0\u00a0 Tourner \u00e0 droite et \u00e0 gauche en agglom\u00e9ration<\/p>\n<p>&#8211;\u00a0\u00a0\u00a0\u00a0\u00a0\u00a0 Franchir les ronds-points et les carrefours \u00e0 sens giratoire<\/p>\n<p>&#8211;\u00a0\u00a0\u00a0\u00a0\u00a0\u00a0 S\u2019arr\u00eater et stationner en \u00e9pi, en bataille en cr\u00e9neau<\/td>\n<\/tr>\n<tr>\n<td width=\"123\"><strong>3. Circuler dans des conditions difficiles et partager la route avec les autres usagers<\/strong><\/p>\n<p><em>.<\/em><\/td>\n<td width=\"586\">&#8211;\u00a0\u00a0\u00a0\u00a0\u00a0\u00a0 Evaluer et maintenir les distances de s\u00e9curit\u00e9<\/p>\n<p>&#8211;\u00a0\u00a0\u00a0\u00a0\u00a0\u00a0 Croiser, d\u00e9passer et \u00eatre d\u00e9pass\u00e9<\/p>\n<p>&#8211;\u00a0\u00a0\u00a0\u00a0\u00a0\u00a0 Passer des virages et conduire en d\u00e9clivit\u00e9<\/p>\n<p>&#8211;\u00a0\u00a0\u00a0\u00a0\u00a0\u00a0 Connaitre les caract\u00e9ristiques des autres usagers et savoir se comporter \u00e0 leur \u00e9gard avec respect et courtoisie<\/p>\n<p>&#8211;\u00a0\u00a0\u00a0\u00a0\u00a0\u00a0 S\u2019ins\u00e9rer, circuler et sortir d\u2019une voie rapide<\/p>\n<p>&#8211;\u00a0\u00a0\u00a0\u00a0\u00a0\u00a0 Conduire dans une file de v\u00e9hicules et dans une circulation dense<\/p>\n<p>&#8211;\u00a0\u00a0\u00a0\u00a0\u00a0\u00a0 Conduire quand l\u2019adh\u00e9rence et la visibilit\u00e9 sont r\u00e9duites<\/p>\n<p>&#8211;\u00a0\u00a0\u00a0\u00a0\u00a0\u00a0 Conduire \u00e0 l\u2019abord et dans la travers\u00e9e d\u2019ouvrages routiers tels que les tunnels, les ponts, les passages \u00e0 niveau<\/td>\n<\/tr>\n<tr>\n<td width=\"123\"><strong>4. Pratiquer une conduite autonome, s\u00fbre et \u00e9conomique<\/strong><\/p>\n<p><strong><em>\u00a0<\/em><\/strong><\/td>\n<td width=\"586\">&#8211;\u00a0\u00a0\u00a0\u00a0\u00a0\u00a0 Suivre un itin\u00e9raire de mani\u00e8re autonome<\/p>\n<p>&#8211;\u00a0\u00a0\u00a0\u00a0\u00a0\u00a0 Pr\u00e9parer et effectuer un voyage longue distance en autonomie<\/p>\n<p>&#8211;\u00a0\u00a0\u00a0\u00a0\u00a0\u00a0 Connaitre les principaux facteurs de risque au volant et les recommandations \u00e0 appliquer<\/p>\n<p>&#8211;\u00a0\u00a0\u00a0\u00a0\u00a0\u00a0 Connaitre les comportements \u00e0 adopter en cas d\u2019accident\u00a0: prot\u00e9ger, alerter, secourir<\/p>\n<p>&#8211;\u00a0\u00a0\u00a0\u00a0\u00a0\u00a0 Faire l\u2019exp\u00e9rience des aides \u00e0 la conduite des v\u00e9hicules<\/p>\n<p>&#8211;\u00a0\u00a0\u00a0\u00a0\u00a0\u00a0 Avoir des notions sur l\u2019entretien le d\u00e9pannage et les situations d\u2019urgence<\/p>\n<p>&#8211;\u00a0\u00a0\u00a0\u00a0\u00a0\u00a0 Pratiquer l\u2019\u00e9coconduite<\/td>\n<\/tr>\n<\/tbody>\n<\/table>\n","protected":false},"excerpt":{"rendered":"<p>L\u2019automobile est devenue un outil social indispensable pour une tr\u00e8s grande partie des jeunes de notre soci\u00e9t\u00e9. Au-del\u00e0 du plaisir de conduire, l\u2019utilisation d\u2019une voiture est souvent indispensable pour les \u00e9tudes, le travail ou les loisirs. Rouler en s\u00e9curit\u00e9 est donc une n\u00e9cessit\u00e9 pour tous. Les conducteurs d\u00e9butants repr\u00e9sentent une&#46;&#46;&#46;<\/p>\n","protected":false},"author":1,"featured_media":0,"parent":0,"menu_order":0,"comment_status":"closed","ping_status":"closed","template":"","meta":[],"_links":{"self":[{"href":"http:\/\/autoecolefred.fr\/index.php?rest_route=\/wp\/v2\/pages\/778"}],"collection":[{"href":"http:\/\/autoecolefred.fr\/index.php?rest_route=\/wp\/v2\/pages"}],"about":[{"href":"http:\/\/autoecolefred.fr\/index.php?rest_route=\/wp\/v2\/types\/page"}],"author":[{"embeddable":true,"href":"http:\/\/autoecolefred.fr\/index.php?rest_route=\/wp\/v2\/users\/1"}],"replies":[{"embeddable":true,"href":"http:\/\/autoecolefred.fr\/index.php?rest_route=%2Fwp%2Fv2%2Fcomments&post=778"}],"version-history":[{"count":4,"href":"http:\/\/autoecolefred.fr\/index.php?rest_route=\/wp\/v2\/pages\/778\/revisions"}],"predecessor-version":[{"id":1496,"href":"http:\/\/autoecolefred.fr\/index.php?rest_route=\/wp\/v2\/pages\/778\/revisions\/1496"}],"wp:attachment":[{"href":"http:\/\/autoecolefred.fr\/index.php?rest_route=%2Fwp%2Fv2%2Fmedia&parent=778"}],"curies":[{"name":"wp","href":"https:\/\/api.w.org\/{rel}","templated":true}]}}