{"id":1313,"date":"2022-11-28T16:54:18","date_gmt":"2022-11-28T15:54:18","guid":{"rendered":"http:\/\/autoecolefred.fr\/?page_id=1313"},"modified":"2025-01-27T10:02:53","modified_gmt":"2025-01-27T09:02:53","slug":"formation-permis-b-boite-automatique-vers-permis-b-boite-manuelle","status":"publish","type":"page","link":"https:\/\/autoecolefred.fr\/?page_id=1313","title":{"rendered":"Formation permis B Boite Automatique vers permis B Boite Manuelle"},"content":{"rendered":"\n<p>Cette formation est accessible aux personnes titulaires du permis B78 (permis boite automatique) depuis minimum 3 mois.\u00a0<\/p>\n<p>A l&rsquo;issue de la formation qui dure 7 heures, vous serez capable d&rsquo;utiliser, en toute s\u00e9curit\u00e9, un v\u00e9hicule muni d&rsquo;un changement de vitesses manuel.<\/p>\n<p>Nous nous occuperons \u00e0 la fin de la formation de faire la demande de changement de titre du permis aupr\u00e8s de l&rsquo;ANTS.<\/p>\n<p><strong><em>Pour tout renseignement suppl\u00e9mentaire n&rsquo;h\u00e9sitez pas \u00e0 nous contacter au 06.21.13.38.00 ou 09.51.19.17.48<\/em><\/strong><\/p>\n<hr \/>\n<p><strong>Documents \u00e0 fournir lors de l&rsquo;inscription: <\/strong><\/p>\n<p style=\"text-align: justify;\"><em>Suite \u00e0 la r\u00e9forme du permis, nous devons transmettre vos documents par le biais du site Internet \u00ab\u00a0ANTS\u00a0\u00bb vous pouvez donc nous fournir tous les documents par mail \u00e0 =&gt; autoecolefred34@gmail.com<\/em><\/p>\n<ul>\n<li>1 E-photo d&rsquo;identit\u00e9 en cours de validit\u00e9 <a href=\"https:\/\/permisdeconduire.ants.gouv.fr\/services\/geolocaliser-les-photographes-habilites\"><em>https:\/\/permisdeconduire.ants.gouv.fr\/services\/geolocaliser-les-photographes-habilites<\/em><\/a><\/li>\n<li>Photocopie du permis actuel<\/li>\n<li style=\"text-align: justify;\">Photocopie recto-verso de la carte d&rsquo;identit\u00e9 en cours de validit\u00e9 du candidat<\/li>\n<li style=\"text-align: justify;\">Photocopie d&rsquo;un justificatif de domicile de moins de 6 mois (facture eau, \u00e9lectricit\u00e9, t\u00e9l\u00e9phone)<\/li>\n<li style=\"text-align: justify;\"><span style=\"background-color: #ccffcc;\"><em>Si le justificatif de domicile n&rsquo;est pas \u00e0 votre nom:<\/em>\u00a0<\/span> attestation d&rsquo;h\u00e9bergement + photocopie recto-verso de la carte d&rsquo;identit\u00e9 en cours de validit\u00e9 de l&rsquo;h\u00e9bergeur (m\u00eame nom que le justificatif de domicile)<\/li>\n<\/ul>\n","protected":false},"excerpt":{"rendered":"<p>Cette formation est accessible aux personnes titulaires du permis B78 (permis boite automatique) depuis minimum 3 mois.\u00a0 A l&rsquo;issue de la formation qui dure 7 heures, vous serez capable d&rsquo;utiliser, en toute s\u00e9curit\u00e9, un v\u00e9hicule muni d&rsquo;un changement de vitesses manuel. Nous nous occuperons \u00e0 la fin de la formation&#46;&#46;&#46;<\/p>\n","protected":false},"author":1,"featured_media":0,"parent":177,"menu_order":0,"comment_status":"open","ping_status":"closed","template":"","meta":[],"_links":{"self":[{"href":"https:\/\/autoecolefred.fr\/index.php?rest_route=\/wp\/v2\/pages\/1313"}],"collection":[{"href":"https:\/\/autoecolefred.fr\/index.php?rest_route=\/wp\/v2\/pages"}],"about":[{"href":"https:\/\/autoecolefred.fr\/index.php?rest_route=\/wp\/v2\/types\/page"}],"author":[{"embeddable":true,"href":"https:\/\/autoecolefred.fr\/index.php?rest_route=\/wp\/v2\/users\/1"}],"replies":[{"embeddable":true,"href":"https:\/\/autoecolefred.fr\/index.php?rest_route=%2Fwp%2Fv2%2Fcomments&post=1313"}],"version-history":[{"count":5,"href":"https:\/\/autoecolefred.fr\/index.php?rest_route=\/wp\/v2\/pages\/1313\/revisions"}],"predecessor-version":[{"id":1651,"href":"https:\/\/autoecolefred.fr\/index.php?rest_route=\/wp\/v2\/pages\/1313\/revisions\/1651"}],"up":[{"embeddable":true,"href":"https:\/\/autoecolefred.fr\/index.php?rest_route=\/wp\/v2\/pages\/177"}],"wp:attachment":[{"href":"https:\/\/autoecolefred.fr\/index.php?rest_route=%2Fwp%2Fv2%2Fmedia&parent=1313"}],"curies":[{"name":"wp","href":"https:\/\/api.w.org\/{rel}","templated":true}]}}