{"id":1345,"date":"2023-02-14T16:31:12","date_gmt":"2023-02-14T15:31:12","guid":{"rendered":"http:\/\/autoecolefred.fr\/?page_id=1345"},"modified":"2025-04-01T15:30:12","modified_gmt":"2025-04-01T13:30:12","slug":"financement-de-votre-formation","status":"publish","type":"page","link":"https:\/\/autoecolefred.fr\/?page_id=1345","title":{"rendered":"Financement de votre formation"},"content":{"rendered":"\n<p><br \/><a href=\"http:\/\/autoecolefred.fr\/wp-content\/uploads\/2023\/02\/saint-rom-label.png\" data-rel=\"lightbox-image-0\" data-rl_title=\"\" data-rl_caption=\"\" title=\"\"><img decoding=\"async\" loading=\"lazy\" class=\"aligncenter size-full wp-image-1349\" src=\"http:\/\/autoecolefred.fr\/wp-content\/uploads\/2023\/02\/saint-rom-label.png\" alt=\"\" width=\"250\" height=\"250\" srcset=\"https:\/\/autoecolefred.fr\/wp-content\/uploads\/2023\/02\/saint-rom-label.png 250w, https:\/\/autoecolefred.fr\/wp-content\/uploads\/2023\/02\/saint-rom-label-150x150.png 150w, https:\/\/autoecolefred.fr\/wp-content\/uploads\/2023\/02\/saint-rom-label-80x80.png 80w\" sizes=\"(max-width: 250px) 100vw, 250px\" \/><\/a><\/p>\n<p>Notre auto-\u00e9cole est agr\u00e9\u00e9 pour les r\u00e8glements via:<\/p>\n<ul>\n<li>Dispositif permis \u00e0 1\u20ac\/jour\u00a0<\/li>\n<li>Le CPF ou P\u00f4le Emploi<\/li>\n<\/ul>\n<p>Si vous \u00eates apprenti, vous pouvez pr\u00e9tendre \u00e0 une aide de votre CFA.<\/p>\n<p>Nous vous permettons d&rsquo;\u00e9taler vos r\u00e8glements en 3 \u00e0 5 fois.<\/p>\n<p><a href=\"http:\/\/autoecolefred.fr\/wp-content\/uploads\/2025\/04\/Annotation-2025-04-01-151946.png\" data-rel=\"lightbox-image-1\" data-rl_title=\"\" data-rl_caption=\"\" title=\"\"><img decoding=\"async\" loading=\"lazy\" class=\"aligncenter size-full wp-image-1690\" src=\"http:\/\/autoecolefred.fr\/wp-content\/uploads\/2025\/04\/Annotation-2025-04-01-151946.png\" alt=\"\" width=\"261\" height=\"87\" \/><\/a><a href=\"http:\/\/autoecolefred.fr\/wp-content\/uploads\/2023\/02\/permis-1euro-1.jpg\" data-rel=\"lightbox-image-2\" data-rl_title=\"\" data-rl_caption=\"\" title=\"\"><img decoding=\"async\" loading=\"lazy\" class=\"aligncenter size-medium wp-image-1346\" src=\"http:\/\/autoecolefred.fr\/wp-content\/uploads\/2023\/02\/permis-1euro-1-300x141.jpg\" alt=\"\" width=\"300\" height=\"141\" srcset=\"https:\/\/autoecolefred.fr\/wp-content\/uploads\/2023\/02\/permis-1euro-1-300x141.jpg 300w, https:\/\/autoecolefred.fr\/wp-content\/uploads\/2023\/02\/permis-1euro-1-520x245.jpg 520w, https:\/\/autoecolefred.fr\/wp-content\/uploads\/2023\/02\/permis-1euro-1.jpg 616w\" sizes=\"(max-width: 300px) 100vw, 300px\" \/><\/a><a href=\"http:\/\/autoecolefred.fr\/wp-content\/uploads\/2023\/02\/1200px-Logo_Pole_Emploi_2008.svg_.png\" data-rel=\"lightbox-image-3\" data-rl_title=\"\" data-rl_caption=\"\" title=\"\"><img decoding=\"async\" loading=\"lazy\" class=\"aligncenter size-medium wp-image-1348\" src=\"http:\/\/autoecolefred.fr\/wp-content\/uploads\/2023\/02\/1200px-Logo_Pole_Emploi_2008.svg_-300x240.png\" alt=\"\" width=\"300\" height=\"240\" srcset=\"https:\/\/autoecolefred.fr\/wp-content\/uploads\/2023\/02\/1200px-Logo_Pole_Emploi_2008.svg_-300x240.png 300w, https:\/\/autoecolefred.fr\/wp-content\/uploads\/2023\/02\/1200px-Logo_Pole_Emploi_2008.svg_-1024x819.png 1024w, https:\/\/autoecolefred.fr\/wp-content\/uploads\/2023\/02\/1200px-Logo_Pole_Emploi_2008.svg_-768x614.png 768w, https:\/\/autoecolefred.fr\/wp-content\/uploads\/2023\/02\/1200px-Logo_Pole_Emploi_2008.svg_.png 1200w\" sizes=\"(max-width: 300px) 100vw, 300px\" \/><\/a><a href=\"http:\/\/autoecolefred.fr\/wp-content\/uploads\/2023\/02\/cpf2.png\" data-rel=\"lightbox-image-4\" data-rl_title=\"\" data-rl_caption=\"\" title=\"\"><img decoding=\"async\" loading=\"lazy\" class=\"aligncenter size-medium wp-image-1347\" src=\"http:\/\/autoecolefred.fr\/wp-content\/uploads\/2023\/02\/cpf2-300x155.png\" alt=\"\" width=\"300\" height=\"155\" srcset=\"https:\/\/autoecolefred.fr\/wp-content\/uploads\/2023\/02\/cpf2-300x155.png 300w, https:\/\/autoecolefred.fr\/wp-content\/uploads\/2023\/02\/cpf2.png 350w\" sizes=\"(max-width: 300px) 100vw, 300px\" \/><\/a><\/p>\n","protected":false},"excerpt":{"rendered":"<p>Notre auto-\u00e9cole est agr\u00e9\u00e9 pour les r\u00e8glements via: Dispositif permis \u00e0 1\u20ac\/jour\u00a0 Le CPF ou P\u00f4le Emploi Si vous \u00eates apprenti, vous pouvez pr\u00e9tendre \u00e0 une aide de votre CFA. Nous vous permettons d&rsquo;\u00e9taler vos r\u00e8glements en 3 \u00e0 5 fois.<\/p>\n","protected":false},"author":1,"featured_media":0,"parent":0,"menu_order":5,"comment_status":"closed","ping_status":"closed","template":"","meta":[],"_links":{"self":[{"href":"https:\/\/autoecolefred.fr\/index.php?rest_route=\/wp\/v2\/pages\/1345"}],"collection":[{"href":"https:\/\/autoecolefred.fr\/index.php?rest_route=\/wp\/v2\/pages"}],"about":[{"href":"https:\/\/autoecolefred.fr\/index.php?rest_route=\/wp\/v2\/types\/page"}],"author":[{"embeddable":true,"href":"https:\/\/autoecolefred.fr\/index.php?rest_route=\/wp\/v2\/users\/1"}],"replies":[{"embeddable":true,"href":"https:\/\/autoecolefred.fr\/index.php?rest_route=%2Fwp%2Fv2%2Fcomments&post=1345"}],"version-history":[{"count":3,"href":"https:\/\/autoecolefred.fr\/index.php?rest_route=\/wp\/v2\/pages\/1345\/revisions"}],"predecessor-version":[{"id":1691,"href":"https:\/\/autoecolefred.fr\/index.php?rest_route=\/wp\/v2\/pages\/1345\/revisions\/1691"}],"wp:attachment":[{"href":"https:\/\/autoecolefred.fr\/index.php?rest_route=%2Fwp%2Fv2%2Fmedia&parent=1345"}],"curies":[{"name":"wp","href":"https:\/\/api.w.org\/{rel}","templated":true}]}}