{"id":188,"date":"2015-06-23T10:54:37","date_gmt":"2015-06-23T08:54:37","guid":{"rendered":"http:\/\/autoecolefred.fr\/?page_id=188"},"modified":"2025-01-27T10:05:09","modified_gmt":"2025-01-27T09:05:09","slug":"le-permis-boite-automatique","status":"publish","type":"page","link":"https:\/\/autoecolefred.fr\/?page_id=188","title":{"rendered":"Le Permis B Bo\u00eete Automatique"},"content":{"rendered":"<p><strong>L&rsquo;apprentissage de la conduite sur un v\u00e9hicule en bo\u00eete automatique a plusieurs avantages:<\/strong><\/p>\n<p>&#8211; Aisance de conduite plus rapide car il n&rsquo;y a plus la manipulation de l&#8217;embrayage et des vitesses;<\/p>\n<p>&#8211; Plus de risque de caler ou de r\u00e2ter un d\u00e9marrage en c\u00f4te;<\/p>\n<p>&#8211; Possibilit\u00e9 de se concentrer d&rsquo;avantage sur l&rsquo;environnement, la circulation, les autres conducteurs;<\/p>\n<p>&#8211; R\u00e9duction de l&rsquo;\u00e9tat de fatigue d\u00fbe \u00e0 la manipulation du pied gauche;<\/p>\n<p>&#8211; Diminution du stress le jour de l&rsquo;examen car plus besoin de se concentrer sur les vitesses \u00e0 passer.<\/p>\n<p style=\"text-align: justify;\"><em>Si vous passez le permis sur une voiture en bo\u00eete automatique, vous ne pourrez conduire que ce type de v\u00e9hicule.<\/em><\/p>\n<p style=\"text-align: justify;\">Si vous avez envie de conduire une voiture en bo\u00eete manuelle? Pas de souci,\u00a0<strong><u>vous n&rsquo;aurez pas \u00e0 repasser l&rsquo;examen de conduire puisque vous \u00eate d\u00e9j\u00e0 titulaire du permis<\/u><\/strong>. Il s&rsquo;agit de faire une formation de 7h de conduite en auto-\u00e9cole avec une boite manuelle. A l&rsquo;issu de cette formation, l&rsquo;auto-\u00e9cole vous fournira une attestation de formation et effectuera les d\u00e9marches n\u00e9cessaires aupr\u00e8s de la pr\u00e9fecture afin que la modification soit effectu\u00e9e sur votre permis de conduire.<\/p>\n<p style=\"text-align: justify;\">Cependant, conduire une voiture en bo\u00eete automatique est un tel confort de conduite, qu&rsquo;il y a fort \u00e0 parier qu&rsquo;une fois essay\u00e9e vous l&rsquo;adopterez.<\/p>\n<p style=\"text-align: justify;\">En France, les gens ont souvent un \u00e0 priori n\u00e9gatif vis \u00e0 vis des voitures en bo\u00eete automatique or beaucoup de pays utilisent principalement ce type de v\u00e9hicule, sans compter que les nouveaux mod\u00e8les sont d&rsquo;une tr\u00e8s bonne qualit\u00e9.<\/p>\n<p><strong><em>Pour tout renseignement suppl\u00e9mentaire n&rsquo;h\u00e9sitez pas \u00e0 nous contacter au 06.21.13.38.00 ou 09.51.19.17.48<\/em><\/strong><\/p>\n<hr \/>\n<p><strong>Documents \u00e0 fournir lors de l&rsquo;inscription: <\/strong><\/p>\n<p style=\"text-align: justify;\"><em>Suite \u00e0 la r\u00e9forme du permis, nous devons transmettre vos documents par le biais du site Internet \u00ab\u00a0ANTS\u00a0\u00bb vous pouvez donc nous fournir tous les documents par mail \u00e0 =&gt; autoecolefred34@gmail.com<\/em><\/p>\n<ul>\n<li><a href=\"https:\/\/permisdeconduire.ants.gouv.fr\/services\/geolocaliser-les-photographes-habilites\"><em>1 e-photo d&rsquo;identit\u00e9 en cours de validit\u00e9https:\/\/permisdeconduire.ants.gouv.fr\/services\/geolocaliser-les-photographes-habilites<\/em><\/a><\/li>\n<li style=\"text-align: justify;\">Photocopie recto-verso de la carte d&rsquo;identit\u00e9 en cours de validit\u00e9 du candidat<\/li>\n<li style=\"text-align: justify;\">Photocopie du livret de famille (candidat mineur)<\/li>\n<li style=\"text-align: justify;\">ASSR2 ou ASR (candidat de moins de 21 ans)<\/li>\n<li style=\"text-align: justify;\">Entre 16 et 17 ans (non r\u00e9volus): attestation de recensement<\/li>\n<li style=\"text-align: justify;\">Entre 17 et 25 ans: certificat de la participation \u00e0 la Journ\u00e9e D\u00e9fense Citoyennet\u00e9 (J.D.C.)<\/li>\n<li style=\"text-align: justify;\">Photocopie d&rsquo;un justificatif de domicile de moins de 6 mois (facture eau, \u00e9lectricit\u00e9, t\u00e9l\u00e9phone)<\/li>\n<li style=\"text-align: justify;\"><span style=\"background-color: #ccffcc;\"><em>Si le justificatif de domicile n&rsquo;est pas \u00e0 votre nom:<\/em>\u00a0<\/span> attestation d&rsquo;h\u00e9bergement + photocopie recto-verso de la carte d&rsquo;identit\u00e9 en cours de validit\u00e9 de l&rsquo;h\u00e9bergeur (m\u00eame nom que le justificatif de domicile)<\/li>\n<li style=\"text-align: justify;\">Photocopie du permis AM (ancien BSR)<\/li>\n<\/ul>\n","protected":false},"excerpt":{"rendered":"<p>L&rsquo;apprentissage de la conduite sur un v\u00e9hicule en bo\u00eete automatique a plusieurs avantages: &#8211; Aisance de conduite plus rapide car il n&rsquo;y a plus la manipulation de l&#8217;embrayage et des vitesses; &#8211; Plus de risque de caler ou de r\u00e2ter un d\u00e9marrage en c\u00f4te; &#8211; Possibilit\u00e9 de se concentrer d&rsquo;avantage&#46;&#46;&#46;<\/p>\n","protected":false},"author":1,"featured_media":0,"parent":0,"menu_order":0,"comment_status":"open","ping_status":"closed","template":"","meta":[],"_links":{"self":[{"href":"https:\/\/autoecolefred.fr\/index.php?rest_route=\/wp\/v2\/pages\/188"}],"collection":[{"href":"https:\/\/autoecolefred.fr\/index.php?rest_route=\/wp\/v2\/pages"}],"about":[{"href":"https:\/\/autoecolefred.fr\/index.php?rest_route=\/wp\/v2\/types\/page"}],"author":[{"embeddable":true,"href":"https:\/\/autoecolefred.fr\/index.php?rest_route=\/wp\/v2\/users\/1"}],"replies":[{"embeddable":true,"href":"https:\/\/autoecolefred.fr\/index.php?rest_route=%2Fwp%2Fv2%2Fcomments&post=188"}],"version-history":[{"count":22,"href":"https:\/\/autoecolefred.fr\/index.php?rest_route=\/wp\/v2\/pages\/188\/revisions"}],"predecessor-version":[{"id":1653,"href":"https:\/\/autoecolefred.fr\/index.php?rest_route=\/wp\/v2\/pages\/188\/revisions\/1653"}],"wp:attachment":[{"href":"https:\/\/autoecolefred.fr\/index.php?rest_route=%2Fwp%2Fv2%2Fmedia&parent=188"}],"curies":[{"name":"wp","href":"https:\/\/api.w.org\/{rel}","templated":true}]}}